{"id":976,"date":"2017-09-06T10:29:20","date_gmt":"2017-09-06T08:29:20","guid":{"rendered":"http:\/\/somapak.hu\/?page_id=976"},"modified":"2021-04-14T13:13:49","modified_gmt":"2021-04-14T11:13:49","slug":"references","status":"publish","type":"page","link":"https:\/\/somapak.hu\/en\/references\/","title":{"rendered":"References"},"content":{"rendered":"<div class=\"wpb-content-wrapper\"><p>[vc_row css_animation=&#8221;&#8221; row_type=&#8221;row&#8221; use_row_as_full_screen_section=&#8221;no&#8221; type=&#8221;full_width&#8221; angled_section=&#8221;no&#8221; text_align=&#8221;left&#8221; background_image_as_pattern=&#8221;without_pattern&#8221;][vc_column]<div class='qode_carousels_holder clearfix two_rows'><div class='qode_carousels' data-number-of-visible-items='5'><ul class='slides'><li class='item'><div class=\"carousel_item_holder\"><span class='first_image_holder '><img itemprop=\"image\" src=\"http:\/\/somapak.hu\/wp-content\/uploads\/2017\/06\/ref_0022_seres_.png\" alt=\"carousel image\" \/><\/span><\/div><div class=\"carousel_item_holder\"><span class='first_image_holder '><img itemprop=\"image\" src=\"http:\/\/somapak.hu\/wp-content\/uploads\/2017\/06\/ref_0025_unkomtechgeplogo-RAL_.png\" alt=\"carousel image\" \/><\/span><\/div><\/li><li class='item'><div class=\"carousel_item_holder\"><span class='first_image_holder '><img itemprop=\"image\" src=\"http:\/\/somapak.hu\/wp-content\/uploads\/2017\/06\/CHEMARK.png\" alt=\"carousel image\" \/><\/span><\/div><div class=\"carousel_item_holder\"><span class='first_image_holder '><img itemprop=\"image\" src=\"http:\/\/somapak.hu\/wp-content\/uploads\/2017\/06\/AGRO.png\" alt=\"carousel image\" \/><\/span><\/div><\/li><li class='item'><div class=\"carousel_item_holder\"><span class='first_image_holder '><img itemprop=\"image\" src=\"http:\/\/somapak.hu\/wp-content\/uploads\/2017\/06\/fovarosi_vizmuvek.png\" alt=\"carousel image\" \/><\/span><\/div><div class=\"carousel_item_holder\"><span class='first_image_holder '><img itemprop=\"image\" src=\"http:\/\/somapak.hu\/wp-content\/uploads\/2017\/06\/ref_0000_boly_logo_.png\" alt=\"carousel image\" \/><\/span><\/div><\/li><li class='item'><div class=\"carousel_item_holder\"><span class='first_image_holder '><img itemprop=\"image\" src=\"http:\/\/somapak.hu\/wp-content\/uploads\/2017\/06\/ref_0002_evizrt_logo_.png\" alt=\"carousel image\" \/><\/span><\/div><div class=\"carousel_item_holder\"><span class='first_image_holder '><img itemprop=\"image\" src=\"http:\/\/somapak.hu\/wp-content\/uploads\/2017\/06\/ref_0001_bonduelle_.png\" alt=\"carousel image\" \/><\/span><\/div><\/li><li class='item'><div class=\"carousel_item_holder\"><span class='first_image_holder '><img itemprop=\"image\" src=\"http:\/\/somapak.hu\/wp-content\/uploads\/2017\/06\/ref_0003_flextronix_.png\" alt=\"carousel image\" \/><\/span><\/div><div class=\"carousel_item_holder\"><span class='first_image_holder '><img itemprop=\"image\" src=\"http:\/\/somapak.hu\/wp-content\/uploads\/2017\/06\/ref_0004_ge_.png\" alt=\"carousel image\" \/><\/span><\/div><\/li><li class='item'><div class=\"carousel_item_holder\"><span class='first_image_holder '><img itemprop=\"image\" src=\"http:\/\/somapak.hu\/wp-content\/uploads\/2017\/06\/ref_0005_harboe_.png\" alt=\"carousel image\" \/><\/span><\/div><div class=\"carousel_item_holder\"><span class='first_image_holder '><img itemprop=\"image\" src=\"http:\/\/somapak.hu\/wp-content\/uploads\/2017\/06\/ref_0006_hipp_.png\" alt=\"carousel image\" \/><\/span><\/div><\/li><li class='item'><div class=\"carousel_item_holder\"><span class='first_image_holder '><img itemprop=\"image\" src=\"http:\/\/somapak.hu\/wp-content\/uploads\/2017\/06\/HONSA.png\" alt=\"carousel image\" \/><\/span><\/div><div class=\"carousel_item_holder\"><span class='first_image_holder '><img itemprop=\"image\" src=\"http:\/\/somapak.hu\/wp-content\/uploads\/2017\/06\/ref_0008_kalocsai_.png\" alt=\"carousel image\" \/><\/span><\/div><\/li><li class='item'><div class=\"carousel_item_holder\"><span class='first_image_holder '><img itemprop=\"image\" src=\"http:\/\/somapak.hu\/wp-content\/uploads\/2017\/06\/ref_0009_knorr_.png\" alt=\"carousel image\" \/><\/span><\/div><div class=\"carousel_item_holder\"><span class='first_image_holder '><img itemprop=\"image\" src=\"http:\/\/somapak.hu\/wp-content\/uploads\/2017\/06\/ref_0011_Logo_of_EGIS_.png\" alt=\"carousel image\" \/><\/span><\/div><\/li><li class='item'><div class=\"carousel_item_holder\"><span class='first_image_holder '><img itemprop=\"image\" src=\"http:\/\/somapak.hu\/wp-content\/uploads\/2017\/06\/ref_0013_murexin_.png\" alt=\"carousel image\" \/><\/span><\/div><div class=\"carousel_item_holder\"><span class='first_image_holder '><img itemprop=\"image\" src=\"http:\/\/somapak.hu\/wp-content\/uploads\/2017\/06\/ref_0012_matro_.png\" alt=\"carousel image\" \/><\/span><\/div><\/li><li class='item'><div class=\"carousel_item_holder\"><span class='first_image_holder '><img itemprop=\"image\" src=\"http:\/\/somapak.hu\/wp-content\/uploads\/2017\/06\/ref_0014_nestle_.png\" alt=\"carousel image\" \/><\/span><\/div><div class=\"carousel_item_holder\"><span class='first_image_holder '><img itemprop=\"image\" src=\"http:\/\/somapak.hu\/wp-content\/uploads\/2017\/06\/ref_0015_pannonpharma_.png\" alt=\"carousel image\" \/><\/span><\/div><\/li><li class='item'><div class=\"carousel_item_holder\"><span class='first_image_holder '><img itemprop=\"image\" src=\"http:\/\/somapak.hu\/wp-content\/uploads\/2017\/06\/ref_0016_pecsi_sorfozde_.png\" alt=\"carousel image\" \/><\/span><\/div><div class=\"carousel_item_holder\"><span class='first_image_holder '><img itemprop=\"image\" src=\"http:\/\/somapak.hu\/wp-content\/uploads\/2017\/06\/ref_0017_pez_.png\" alt=\"carousel image\" \/><\/span><\/div><\/li><li class='item'><div class=\"carousel_item_holder\"><span class='first_image_holder '><img itemprop=\"image\" src=\"http:\/\/somapak.hu\/wp-content\/uploads\/2017\/06\/ref_0018_prettl_.png\" alt=\"carousel image\" \/><\/span><\/div><div class=\"carousel_item_holder\"><span class='first_image_holder '><img itemprop=\"image\" src=\"http:\/\/somapak.hu\/wp-content\/uploads\/2017\/06\/ref_0019_rati_.png\" alt=\"carousel image\" \/><\/span><\/div><\/li><li class='item'><div class=\"carousel_item_holder\"><span class='first_image_holder '><img itemprop=\"image\" src=\"http:\/\/somapak.hu\/wp-content\/uploads\/2017\/06\/ref_0020_reckitt_.png\" alt=\"carousel image\" \/><\/span><\/div><div class=\"carousel_item_holder\"><span class='first_image_holder '><img itemprop=\"image\" src=\"http:\/\/somapak.hu\/wp-content\/uploads\/2017\/06\/ref_0021_richter_.png\" alt=\"carousel image\" \/><\/span><\/div><\/li><li class='item'><div class=\"carousel_item_holder\"><span class='first_image_holder '><img itemprop=\"image\" src=\"http:\/\/somapak.hu\/wp-content\/uploads\/2017\/06\/ref_0023_terran_.png\" alt=\"carousel image\" \/><\/span><\/div><div class=\"carousel_item_holder\"><span class='first_image_holder '><img itemprop=\"image\" src=\"http:\/\/somapak.hu\/wp-content\/uploads\/2017\/06\/ref_0024_unilever_.png\" alt=\"carousel image\" \/><\/span><\/div><\/li><li class='item'><div class=\"carousel_item_holder\"><span class='first_image_holder '><img itemprop=\"image\" src=\"http:\/\/somapak.hu\/wp-content\/uploads\/2017\/06\/ref_0026_zwack_.png\" alt=\"carousel image\" \/><\/span><\/div><\/ul><\/div><\/div>[vc_column_text]<\/p>\n<h4>Packaging machinery and special purpose machines:<\/h4>\n<p>[\/vc_column_text][vc_separator type=&#8221;transparent&#8221;][vc_column_text]<\/p>\n<ul>\n<li>Agrok\u00e9mia Sellye Zrt.<\/li>\n<li>Agrosector Kft.<\/li>\n<li>Agrovital Bt.<\/li>\n<li>Alba-M\u00e9z Kft.<\/li>\n<li>ARCOR GmbH<\/li>\n<li>Bock Bor\u00e1szat<\/li>\n<li>B\u00f3ly Zrt.<\/li>\n<li>BONDUELLE Kft.<\/li>\n<li>CHEMARK Kft.<\/li>\n<li>CHEMARK Romania S.R.L.<\/li>\n<li>DOMI Fokhagyma Kft.<\/li>\n<li>DRV Zrt.<\/li>\n<li>ECOPLANT ROMANIA<\/li>\n<li>EGIS Nyrt.<\/li>\n<li>Els\u0151 Vegyi Industria Zrt.<\/li>\n<li>EuroChem Agro Hungary Kft.<\/li>\n<li>FERTILIA Kft.<\/li>\n<li>Fitohorm Kft.<\/li>\n<li>FleXoco<\/li>\n<li>F\u0151v\u00e1rosi V\u00edzm\u0171vek Zrt.<\/li>\n<li>GE Hungary Zrt.<\/li>\n<li>Gere Attila Pinc\u00e9szete<\/li>\n<li>GRAN CAF\u00c9<\/li>\n<li>HANNA-INSTRUMENTS HUNGARY Kft.<\/li>\n<li>HARBOE BRYGGERY A\/S<\/li>\n<li>HIPP<\/li>\n<li>Honsa Kft.<\/li>\n<li>Hungarovin Zrt.<\/li>\n<li>Hungaro Casing Kft.<\/li>\n<li>Kalocsai F\u0171szerpaprika Zrt.<\/li>\n<li>King Nuts Kft.<\/li>\n<li>KNORR<\/li>\n<li>Koller Kunststofftechnik GmbH<\/li>\n<li>KREVILL Kft.<\/li>\n<li>Linde G\u00e1z Magyarorsz\u00e1g Zrt.<\/li>\n<li>Lubnet Kft.<\/li>\n<li>Magyar Gomba Kert\u00e9sz Kft.<\/li>\n<li>Melliculum Kft.<\/li>\n<li>Modica d.o.o.<\/li>\n<li>M\u00f3raagro Kft.<\/li>\n<li>mProfood Zrt.<\/li>\n<li>MUREXIN<\/li>\n<li>Nagy \u00e9s Fia Kft.<\/li>\n<li>Natur-Food Kft.<\/li>\n<li>NESTL\u00c9 HUNG\u00c1RIA Kft.<\/li>\n<li>Nutrikon Kft.<\/li>\n<li>Orange Kft.<\/li>\n<li>Partner in Pet Food Hung\u00e1ria Kft.<\/li>\n<li>PASTEUR ROMANIA<\/li>\n<li>P\u00e9csi S\u00f6rf\u0151zde Zrt.<\/li>\n<li>PEZ Production Europe<\/li>\n<li>PHOENIX COMPANY S.A.<\/li>\n<li>PRO NUTRITION IMPEX S.R.L.<\/li>\n<li>RECKITT BENCKISER<\/li>\n<li>REMONT ROMANIA<\/li>\n<li>Richter Gedeon Nyrt.<\/li>\n<li>SMS d.o.o.<\/li>\n<li>Tellurium Chemical Co.<\/li>\n<li>TERR\u00c1N Tet\u0151cser\u00e9p Gy\u00e1rt\u00f3 Kft.<\/li>\n<li>TRADING COMPLEX Kft.<\/li>\n<li>UNIK\u00c9N Kft.<\/li>\n<li>UNILEVER<\/li>\n<li>Vitafl\u00f3ra Kft.<\/li>\n<li>Vit\u00e1l Zrt.<\/li>\n<li>Zwack Unicum Nyrt.<\/li>\n<\/ul>\n<p>[\/vc_column_text][vc_separator type=&#8221;transparent&#8221;][vc_column_text]<\/p>\n<h4>CNC manufacturing technology:<\/h4>\n<p>[\/vc_column_text][vc_separator type=&#8221;transparent&#8221;][vc_column_text]<\/p>\n<ul>\n<li>Asinox Kft.<\/li>\n<li>CH-SCHNEIDER (AIRBUS, BOEING, RECARO)<\/li>\n<li>C.M.P.M. Kft.<\/li>\n<li>DATALOGIC Hungary Kft.<\/li>\n<li>Dipolvill Kft.<\/li>\n<li>Flextronics<\/li>\n<li>GE HUNGARY<\/li>\n<li>GEODESY Kft.<\/li>\n<li>HB-Kapcsol\u00f3szekr\u00e9nygy\u00e1rt\u00f3 Kft.<\/li>\n<li>JABIL<\/li>\n<li>JET-VILL Kft.<\/li>\n<li>Kadia Fel\u00e9p\u00edtm\u00e9ny<\/li>\n<li>Kempal-Hungary Kft.<\/li>\n<li>Matro Kft.<\/li>\n<li>Max Blank Hung\u00e1ria Kft.<\/li>\n<li>NATIONAL INSTRUMENTS<\/li>\n<li>NCT Kft.<\/li>\n<li>PRETTL<\/li>\n<li>PannonPharma Gy\u00f3gyszergy\u00e1rt\u00f3 Kft.<\/li>\n<li>P\u00e9csi Tudom\u00e1nyegyetem<\/li>\n<li>Ratipur Kft.<\/li>\n<li>SANMINA<\/li>\n<li>Sharan Kft.<\/li>\n<li>SERES Kft.<\/li>\n<li>S\u00fcssmuth Hung\u00e1ria Kft.<\/li>\n<li>TERR\u00c1N Tet\u0151cser\u00e9p Gy\u00e1rt\u00f3 Kft.<\/li>\n<li>UNIKOMTECH G\u00c9P Kft.<\/li>\n<\/ul>\n<p>[\/vc_column_text][vc_separator type=&#8221;transparent&#8221;][\/vc_column][\/vc_row]<\/p>\n<\/div>","protected":false},"excerpt":{"rendered":"<p>[vc_row css_animation=&#8221;&#8221; row_type=&#8221;row&#8221; use_row_as_full_screen_section=&#8221;no&#8221; type=&#8221;full_width&#8221; angled_section=&#8221;no&#8221; text_align=&#8221;left&#8221; background_image_as_pattern=&#8221;without_pattern&#8221;][vc_column][vc_column_text] Packaging machinery and special purpose machines: [\/vc_column_text][vc_separator type=&#8221;transparent&#8221;][vc_column_text] Agrok\u00e9mia Sellye Zrt. Agrosector Kft. Agrovital Bt. Alba-M\u00e9z Kft. ARCOR GmbH Bock Bor\u00e1szat B\u00f3ly Zrt. BONDUELLE Kft. CHEMARK Kft. CHEMARK Romania S.R.L. DOMI Fokhagyma Kft. DRV Zrt. ECOPLANT ROMANIA&#8230;<\/p>\n","protected":false},"author":1,"featured_media":0,"parent":0,"menu_order":0,"comment_status":"closed","ping_status":"closed","template":"","meta":{"om_disable_all_campaigns":false,"_mi_skip_tracking":false,"_monsterinsights_sitenote_active":false,"_monsterinsights_sitenote_note":"","_monsterinsights_sitenote_category":0},"_links":{"self":[{"href":"https:\/\/somapak.hu\/en\/wp-json\/wp\/v2\/pages\/976"}],"collection":[{"href":"https:\/\/somapak.hu\/en\/wp-json\/wp\/v2\/pages"}],"about":[{"href":"https:\/\/somapak.hu\/en\/wp-json\/wp\/v2\/types\/page"}],"author":[{"embeddable":true,"href":"https:\/\/somapak.hu\/en\/wp-json\/wp\/v2\/users\/1"}],"replies":[{"embeddable":true,"href":"https:\/\/somapak.hu\/en\/wp-json\/wp\/v2\/comments?post=976"}],"version-history":[{"count":3,"href":"https:\/\/somapak.hu\/en\/wp-json\/wp\/v2\/pages\/976\/revisions"}],"predecessor-version":[{"id":1213,"href":"https:\/\/somapak.hu\/en\/wp-json\/wp\/v2\/pages\/976\/revisions\/1213"}],"wp:attachment":[{"href":"https:\/\/somapak.hu\/en\/wp-json\/wp\/v2\/media?parent=976"}],"curies":[{"name":"wp","href":"https:\/\/api.w.org\/{rel}","templated":true}]}}